{"id":104,"date":"2026-03-30T13:06:11","date_gmt":"2026-03-30T13:06:11","guid":{"rendered":"https:\/\/juliastolba.org\/?page_id=104"},"modified":"2026-03-30T18:49:04","modified_gmt":"2026-03-30T18:49:04","slug":"104-2","status":"publish","type":"page","link":"https:\/\/juliastolba.org\/?page_id=104","title":{"rendered":""},"content":{"rendered":"\n<h2 class=\"wp-block-heading alignfull has-system-serif-font-family has-huge-title-font-size\" style=\"line-height:0.8\">garden of rememberance (Hojnik Hof)<\/h2>\n\n\n\n<p class=\"has-base-color has-text-color has-link-color wp-elements-554c63faf79cc1e47a5178dfa5b32462\">space<\/p>\n\n\n\n<blockquote class=\"wp-block-quote alignfull is-layout-flow wp-block-quote-is-layout-flow\">\n<figure class=\"wp-block-image size-full is-resized\"><img loading=\"lazy\" decoding=\"async\" width=\"700\" height=\"467\" src=\"https:\/\/juliastolba.org\/wp-content\/uploads\/2026\/03\/P1009551.jpg\" alt=\"\" class=\"wp-image-107\" style=\"aspect-ratio:1.4989207606774286;width:970px;height:auto\" srcset=\"https:\/\/juliastolba.org\/wp-content\/uploads\/2026\/03\/P1009551.jpg 700w, https:\/\/juliastolba.org\/wp-content\/uploads\/2026\/03\/P1009551-300x200.jpg 300w\" sizes=\"auto, (max-width: 700px) 100vw, 700px\" \/><\/figure>\n\n\n\n<blockquote class=\"wp-block-quote alignleft is-layout-flow wp-block-quote-is-layout-flow\">\n<p class=\"has-geist-mono-font-family\">The painting installation deals with a place of the same name, near the Per\u0161manhof Museum, whose history is similar to that of the Per\u0161manhof and many farms in the area. The Hojnik farm of the Polan\u0161ek family in Leppen\/Lepena was burnt to the ground by the Nazis on 18 January 1944, some of its inhabitants shot on site, others deported to the Ravensbr\u00fcck concentration camp and murdered there because the family supported the partisan resistance. Only a few survived. The perpetrators were never brought to justice.<br>A memorial stone erected by the Association of Carinthian Partisans in 1982 is located on a hiking trail near the former farm. There is hardly anything left to see of the farm itself. Hardly anything, but not nothing. Zdravko Haderlap and Markus G\u00f6nitzer, who organise the \u2018literary hike\u2019 in the area several times a year in the footsteps of the Carinthian partisan Jelka, stop where the Polan\u0161ek family once lived. Valentin Polan\u0161ek, author and educator, has created the \u2018Garden of Remembrance\u2019 at this site:<br>Surrounded by stones from the foundation walls of the farm, flowers grow there at all times of the year, surrounded by woods and rocks. The three paintings depict the plants of the Garden of Remembrance that were growing there at the time of the Jelka hike in June 2023. The stones, silent witnesses of history that are barely visible among the plants, are the only ones left exposed. Hydrogen peroxide was used in various mixing ratios for the bleaching process. This process (both the colouring with ink and the bleaching affects the entire fabric) makes it possible to view the paintings from both sides, so there is no front or back. They are hung in the room as an installation through which viewers can walk. The colouring and fading of the fabric reverses the usual painting process of applying pigments and thus adding them instead of removing them. In this way, the relationships between light and dark are also reversed, as in an inversion. Where the afterlife becomes denser, the pictures become lighter, right down to the traces, which then remain empty spaces. The images also have an inherent physical afterlife. They change over the course of time and depending on the lighting conditions with which they are confronted. Faded areas become lighter and form bright yellow, fluorescent-looking edges. Working through the motifs and the associated intensive examination of their history and contexts, as well as the resulting intensification of questions and demands on how to deal with them, unfolds a strong affective force in the process of painting, in the hope that it will also be transferred to those who see the pictures exhibited. The aim of the painterly practice is always to try to use painterly strategies to help actualise history, activate memory and thus create a shift in perception. In memory of the Hojnik farm of the Polan\u0161ek family, whose story stands for so many that tell of persecution and resistance, the project of the Garden of Remembrance is the resistance that endures. Every month a plant grows in memory of the members of the family. Standing as resistant allies at the side of the partisans and at the side of those who support them.<\/p>\n<\/blockquote>\n<\/blockquote>\n\n\n\n<figure class=\"wp-block-gallery alignfull has-nested-images columns-default is-cropped has-border-color has-base-border-color wp-block-gallery-1 is-layout-flex wp-block-gallery-is-layout-flex\" style=\"border-width:17px\">\n<figure class=\"wp-block-image size-large\"><img loading=\"lazy\" decoding=\"async\" width=\"700\" height=\"467\" data-id=\"113\" src=\"https:\/\/juliastolba.org\/wp-content\/uploads\/2026\/03\/P1009618.jpg\" alt=\"\" class=\"wp-image-113\" srcset=\"https:\/\/juliastolba.org\/wp-content\/uploads\/2026\/03\/P1009618.jpg 700w, https:\/\/juliastolba.org\/wp-content\/uploads\/2026\/03\/P1009618-300x200.jpg 300w\" sizes=\"auto, (max-width: 700px) 100vw, 700px\" \/><\/figure>\n\n\n\n<figure class=\"wp-block-image size-full\"><img loading=\"lazy\" decoding=\"async\" width=\"700\" height=\"467\" data-id=\"112\" src=\"https:\/\/juliastolba.org\/wp-content\/uploads\/2026\/03\/P1009714.jpg\" alt=\"\" class=\"wp-image-112\" srcset=\"https:\/\/juliastolba.org\/wp-content\/uploads\/2026\/03\/P1009714.jpg 700w, https:\/\/juliastolba.org\/wp-content\/uploads\/2026\/03\/P1009714-300x200.jpg 300w\" sizes=\"auto, (max-width: 700px) 100vw, 700px\" \/><\/figure>\n\n\n\n<figure class=\"wp-block-image size-large\"><img loading=\"lazy\" decoding=\"async\" width=\"700\" height=\"467\" data-id=\"111\" src=\"https:\/\/juliastolba.org\/wp-content\/uploads\/2026\/03\/P1009139.jpg\" alt=\"\" class=\"wp-image-111\" srcset=\"https:\/\/juliastolba.org\/wp-content\/uploads\/2026\/03\/P1009139.jpg 700w, https:\/\/juliastolba.org\/wp-content\/uploads\/2026\/03\/P1009139-300x200.jpg 300w\" sizes=\"auto, (max-width: 700px) 100vw, 700px\" \/><\/figure>\n\n\n\n<figure class=\"wp-block-image size-large\"><img loading=\"lazy\" decoding=\"async\" width=\"700\" height=\"467\" data-id=\"106\" src=\"https:\/\/juliastolba.org\/wp-content\/uploads\/2026\/03\/P1009599.jpg\" alt=\"\" class=\"wp-image-106\" srcset=\"https:\/\/juliastolba.org\/wp-content\/uploads\/2026\/03\/P1009599.jpg 700w, https:\/\/juliastolba.org\/wp-content\/uploads\/2026\/03\/P1009599-300x200.jpg 300w\" sizes=\"auto, (max-width: 700px) 100vw, 700px\" \/><\/figure>\n\n\n\n<figure class=\"wp-block-image size-large\"><img loading=\"lazy\" decoding=\"async\" width=\"700\" height=\"467\" data-id=\"105\" src=\"https:\/\/juliastolba.org\/wp-content\/uploads\/2026\/03\/P1009545.jpg\" alt=\"\" class=\"wp-image-105\" srcset=\"https:\/\/juliastolba.org\/wp-content\/uploads\/2026\/03\/P1009545.jpg 700w, https:\/\/juliastolba.org\/wp-content\/uploads\/2026\/03\/P1009545-300x200.jpg 300w\" sizes=\"auto, (max-width: 700px) 100vw, 700px\" \/><\/figure>\n<\/figure>\n\n\n\n<blockquote class=\"wp-block-quote alignfull has-geist-mono-font-family has-tiny-font-size is-layout-flow wp-block-quote-is-layout-flow\" style=\"font-style:italic;font-weight:300\">\n<p style=\"font-style:italic;font-weight:400\">fotocredits: Stefan Wahler<\/p>\n<\/blockquote>\n\n\n\n<h2 class=\"wp-block-heading alignfull has-system-serif-font-family has-huge-title-font-size\">duhovi upora<\/h2>\n\n\n\n<blockquote class=\"wp-block-quote alignfull is-layout-flow wp-block-quote-is-layout-flow\">\n<p class=\"has-geist-mono-font-family\">The Work garden of rememberance was shown in the exhibition <strong>Duhovi Upora, Widerstandsgeister, Spirits of Resistance, which took place at <a href=\"https:\/\/www.hyperculturalpassengers.org\/duhovi-upora\" data-type=\"link\" data-id=\"https:\/\/www.hyperculturalpassengers.org\/duhovi-upora\" target=\"_blank\" rel=\"noreferrer noopener\">HyCP<\/a> and Literaturhaus Hamburg (DE) 2025. It <\/strong>is an exhibition and public program exploring memories of anti-fascist resistance, resilience, and the legacy of the Carinthian-Slovenian partisans through contemporary perspectives. The project reflects on the suppressed histories around the <a href=\"https:\/\/www.persman.at\/\" target=\"_blank\" rel=\"noreferrer noopener\">Per\u0161manhof Museum<\/a> in Austria and opens a space to think about resistance across generations and geographies today. A collaborative, transnational Exhibition between Artists and Cultural Workers from Hamburg and the Museum Per\u0161manhof (AT).<\/p>\n\n\n\n<p class=\"has-geist-mono-font-family\"><strong>With:<\/strong> Eda Aslan, Markus G\u00f6nitzer, Lennart H\u00e4usser, Zdravko Haderlap, Sophia Leitenmayer, Elsa Logar, Julia Stolba, Dana Rausch, Leonie Wahler, Stefan Wahler<\/p>\n<\/blockquote>\n","protected":false},"excerpt":{"rendered":"<p>garden of rememberance (Hojnik Hof) space fotocredits: Stefan Wahler duhovi upora The Work garden of rememberance was shown in the exhibition Duhovi Upora, Widerstandsgeister, Spirits of Resistance, which took place at HyCP and Literaturhaus Hamburg (DE) 2025. It is an exhibition and public program exploring memories of anti-fascist resistance, resilience, and the legacy of the [&hellip;]<\/p>\n","protected":false},"author":1,"featured_media":0,"parent":0,"menu_order":0,"comment_status":"closed","ping_status":"closed","template":"","meta":{"footnotes":""},"class_list":["post-104","page","type-page","status-publish","hentry"],"_links":{"self":[{"href":"https:\/\/juliastolba.org\/index.php?rest_route=\/wp\/v2\/pages\/104","targetHints":{"allow":["GET"]}}],"collection":[{"href":"https:\/\/juliastolba.org\/index.php?rest_route=\/wp\/v2\/pages"}],"about":[{"href":"https:\/\/juliastolba.org\/index.php?rest_route=\/wp\/v2\/types\/page"}],"author":[{"embeddable":true,"href":"https:\/\/juliastolba.org\/index.php?rest_route=\/wp\/v2\/users\/1"}],"replies":[{"embeddable":true,"href":"https:\/\/juliastolba.org\/index.php?rest_route=%2Fwp%2Fv2%2Fcomments&post=104"}],"version-history":[{"count":12,"href":"https:\/\/juliastolba.org\/index.php?rest_route=\/wp\/v2\/pages\/104\/revisions"}],"predecessor-version":[{"id":167,"href":"https:\/\/juliastolba.org\/index.php?rest_route=\/wp\/v2\/pages\/104\/revisions\/167"}],"wp:attachment":[{"href":"https:\/\/juliastolba.org\/index.php?rest_route=%2Fwp%2Fv2%2Fmedia&parent=104"}],"curies":[{"name":"wp","href":"https:\/\/api.w.org\/{rel}","templated":true}]}}