{"id":188,"date":"2026-03-31T18:26:39","date_gmt":"2026-03-31T18:26:39","guid":{"rendered":"https:\/\/juliastolba.org\/?page_id=188"},"modified":"2026-03-31T18:26:39","modified_gmt":"2026-03-31T18:26:39","slug":"188-2","status":"publish","type":"page","link":"https:\/\/juliastolba.org\/?page_id=188","title":{"rendered":""},"content":{"rendered":"\n<h2 data-wp-context---core-fit-text=\"core\/fit-text::{&quot;fontSize&quot;:&quot;&quot;}\" data-wp-init---core-fit-text=\"core\/fit-text::callbacks.init\" data-wp-interactive data-wp-style--font-size=\"core\/fit-text::context.fontSize\" class=\"wp-block-heading alignfull has-fit-text has-system-serif-font-family\">publications<\/h2>\n\n\n\n<div class=\"wp-block-columns alignfull is-layout-flex wp-container-core-columns-is-layout-28f84493 wp-block-columns-is-layout-flex\">\n<div class=\"wp-block-column is-layout-flow wp-block-column-is-layout-flow\">\n<figure class=\"wp-block-image aligncenter size-full is-resized\"><a href=\"https:\/\/www.transcript-verlag.de\/978-3-8376-7728-7\/women-and-partisan-art\/?number=978-3-8394-0302-0&amp;c=310000071\" target=\"_blank\" rel=\" noreferrer noopener\"><img loading=\"lazy\" decoding=\"async\" width=\"827\" height=\"1280\" src=\"https:\/\/juliastolba.org\/wp-content\/uploads\/2026\/03\/partizanke-1.jpg\" alt=\"\" class=\"wp-image-195\" style=\"aspect-ratio:0.6464845296229326;object-fit:contain;width:390px;height:auto\" srcset=\"https:\/\/juliastolba.org\/wp-content\/uploads\/2026\/03\/partizanke-1.jpg 827w, https:\/\/juliastolba.org\/wp-content\/uploads\/2026\/03\/partizanke-1-194x300.jpg 194w, https:\/\/juliastolba.org\/wp-content\/uploads\/2026\/03\/partizanke-1-662x1024.jpg 662w, https:\/\/juliastolba.org\/wp-content\/uploads\/2026\/03\/partizanke-1-768x1189.jpg 768w\" sizes=\"auto, (max-width: 827px) 100vw, 827px\" \/><\/a><figcaption class=\"wp-element-caption\">Markus G\u00f6nitzer, Julia Stolba: Building an antifascist museum, in: Elena Messner, Cristina Beretta, Goran Lazi\u010di\u0107, Markus G\u00f6nitzer (Hg:innen): Women and Partisan Art. Aesthetics and Practices of Resistance in Yugoslavia and Carinthia, Bielefeld: transcript 2025, S.75-90.<\/figcaption><\/figure>\n<\/div>\n\n\n\n<div class=\"wp-block-column is-layout-flow wp-block-column-is-layout-flow\">\n<div data-wp-interactive=\"core\/file\" class=\"wp-block-file\"><object data-wp-bind--hidden=\"!state.hasPdfPreview\" hidden class=\"wp-block-file__embed\" data=\"https:\/\/juliastolba.org\/wp-content\/uploads\/2026\/03\/digital-innenteil_radioasradicaleducation_doppelseiten.pdf\" type=\"application\/pdf\" style=\"width:100%;height:600px\" aria-label=\"Einbettung von Julia Stolba: Zaubersaft. Young workers producing songs about life, struggles and solidarities in the 90s in Vienna, in: Nora Sternfeld und Gr\u00e9goire Rousseau (Hg:innen): radio as radical Education, Helsinki\/Berlin 2024, S.58-67..\"><\/object><a id=\"wp-block-file--media-776e277e-72d5-44c3-a5dc-d246e6ca062f\" href=\"https:\/\/juliastolba.org\/wp-content\/uploads\/2026\/03\/digital-innenteil_radioasradicaleducation_doppelseiten.pdf\">Julia Stolba: Zaubersaft. Young workers producing songs about life, struggles and solidarities in the 90s in Vienna, in: Nora Sternfeld und Gr\u00e9goire Rousseau (Hg:innen): radio as radical Education, Helsinki\/Berlin 2024, S.58-67.<\/a><a href=\"https:\/\/juliastolba.org\/wp-content\/uploads\/2026\/03\/digital-innenteil_radioasradicaleducation_doppelseiten.pdf\" class=\"wp-block-file__button wp-element-button\" download aria-describedby=\"wp-block-file--media-776e277e-72d5-44c3-a5dc-d246e6ca062f\">Herunterladen<\/a><\/div>\n<\/div>\n\n\n\n<div class=\"wp-block-column is-layout-flow wp-block-column-is-layout-flow\">\n<div data-wp-interactive=\"core\/file\" class=\"wp-block-file\"><object data-wp-bind--hidden=\"!state.hasPdfPreview\" hidden class=\"wp-block-file__embed\" data=\"https:\/\/juliastolba.org\/wp-content\/uploads\/2026\/03\/Publikation_unheimliche-Spuren-Kollektives-Suchen-nach-voelkischen-Aesthetiken-klein.pdf\" type=\"application\/pdf\" style=\"width:100%;height:600px\" aria-label=\"Einbettung von Nora Sternfeld, Julia Stolba, Tilman Walther (Hg:innen), (Un)heimliche Spuren. Kollektives Suchen nach v\u00f6lkischen \u00c4sthetiken\u201c, Hamburg: para-educational papers 2024..\"><\/object><a id=\"wp-block-file--media-10748198-0423-4251-b734-b52176b793e7\" href=\"https:\/\/juliastolba.org\/wp-content\/uploads\/2026\/03\/Publikation_unheimliche-Spuren-Kollektives-Suchen-nach-voelkischen-Aesthetiken-klein.pdf\">Nora Sternfeld, Julia Stolba, Tilman Walther (Hg:innen), (Un)heimliche Spuren. Kollektives Suchen nach v\u00f6lkischen \u00c4sthetiken\u201c, Hamburg: para-educational papers 2024.<\/a><a href=\"https:\/\/juliastolba.org\/wp-content\/uploads\/2026\/03\/Publikation_unheimliche-Spuren-Kollektives-Suchen-nach-voelkischen-Aesthetiken-klein.pdf\" class=\"wp-block-file__button wp-element-button\" download aria-describedby=\"wp-block-file--media-10748198-0423-4251-b734-b52176b793e7\">Herunterladen<\/a><\/div>\n<\/div>\n<\/div>\n\n\n\n<div class=\"wp-block-columns alignfull is-layout-flex wp-container-core-columns-is-layout-28f84493 wp-block-columns-is-layout-flex\">\n<div class=\"wp-block-column is-layout-flow wp-block-column-is-layout-flow\">\n<div data-wp-interactive=\"core\/file\" class=\"wp-block-file\"><object data-wp-bind--hidden=\"!state.hasPdfPreview\" hidden class=\"wp-block-file__embed\" data=\"https:\/\/juliastolba.org\/wp-content\/uploads\/2026\/03\/Julia-Stolba_Stimmen-zwischen-Ordnern-\u2022-Wartenau-Art-Education.pdf\" type=\"application\/pdf\" style=\"width:100%;height:600px\" aria-label=\"Einbettung von Julia Stolba: Stimmen zwischen Ordnern, Lecture Performance zum \u00bbArchiv der Vermittlung. Das Unarchivierbare aktualisieren\u00ab. Hamburg: stationsofcommons 2024, https:\/\/art-education.hfbk.net\/de\/writings\/stimmen-zwischen-ordnern..\"><\/object><a id=\"wp-block-file--media-a876ae86-80f6-47fb-98cc-e6eec70e7261\" href=\"https:\/\/juliastolba.org\/wp-content\/uploads\/2026\/03\/Julia-Stolba_Stimmen-zwischen-Ordnern-\u2022-Wartenau-Art-Education.pdf\">Julia Stolba: Stimmen zwischen Ordnern, Lecture Performance zum \u00bbArchiv der Vermittlung. Das Unarchivierbare aktualisieren\u00ab. Hamburg: stationsofcommons 2024, https:\/\/art-education.hfbk.net\/de\/writings\/stimmen-zwischen-ordnern.<\/a><a href=\"https:\/\/juliastolba.org\/wp-content\/uploads\/2026\/03\/Julia-Stolba_Stimmen-zwischen-Ordnern-\u2022-Wartenau-Art-Education.pdf\" class=\"wp-block-file__button wp-element-button\" download aria-describedby=\"wp-block-file--media-a876ae86-80f6-47fb-98cc-e6eec70e7261\">Herunterladen<\/a><\/div>\n<\/div>\n\n\n\n<div class=\"wp-block-column is-layout-flow wp-block-column-is-layout-flow\">\n<div data-wp-interactive=\"core\/file\" class=\"wp-block-file\"><object data-wp-bind--hidden=\"!state.hasPdfPreview\" hidden class=\"wp-block-file__embed\" data=\"https:\/\/juliastolba.org\/wp-content\/uploads\/2026\/03\/digital-memory_avarc_julia-stolba_stefan-wahler.pdf\" type=\"application\/pdf\" style=\"width:100%;height:600px\" aria-label=\"Einbettung von Julia Stolba, Stefan Wahler: avarc. A ladscape of memory and temporalities, in: Victoria Kumar, Gerald Lamprecht, Lukas Nievoll, Grit Oelschlegel, Sebastian Stoff (Hg:innen): Erinnerungskultur und Holocaust Education im digitalen Wandel. Georeferenzierte Dokumentations-, Erinnerungs- und Vermittlungsprojekte. Bielefeld: transcript 2024, S.263-288..\"><\/object><a id=\"wp-block-file--media-d9f3f200-d1b6-4bd3-902b-fcf7f0850f96\" href=\"https:\/\/juliastolba.org\/wp-content\/uploads\/2026\/03\/digital-memory_avarc_julia-stolba_stefan-wahler.pdf\">Julia Stolba, Stefan Wahler: avarc. A ladscape of memory and temporalities, in: Victoria Kumar, Gerald Lamprecht, Lukas Nievoll, Grit Oelschlegel, Sebastian Stoff (Hg:innen): Erinnerungskultur und Holocaust Education im digitalen Wandel. Georeferenzierte Dokumentations-, Erinnerungs- und Vermittlungsprojekte. Bielefeld: transcript 2024, S.263-288.<\/a><a href=\"https:\/\/juliastolba.org\/wp-content\/uploads\/2026\/03\/digital-memory_avarc_julia-stolba_stefan-wahler.pdf\" class=\"wp-block-file__button wp-element-button\" download aria-describedby=\"wp-block-file--media-d9f3f200-d1b6-4bd3-902b-fcf7f0850f96\">Herunterladen<\/a><\/div>\n<\/div>\n\n\n\n<div class=\"wp-block-column is-layout-flow wp-block-column-is-layout-flow\">\n<div data-wp-interactive=\"core\/file\" class=\"wp-block-file\"><object data-wp-bind--hidden=\"!state.hasPdfPreview\" hidden class=\"wp-block-file__embed\" data=\"https:\/\/juliastolba.org\/wp-content\/uploads\/2026\/03\/Vermittlung-vermitteln.pdf\" type=\"application\/pdf\" style=\"width:100%;height:600px\" aria-label=\"Einbettung von Ay\u015fe G\u00fclec, Carina Herring, Gila Kolb, Nora Sternfeld, Julia Stolba (Hg:innen), vermittlung vermitteln. Fragen, Forderungen und Versuchsanordnungen von Kunstvermittler*innen im 21. Jahrhundert. Berlin, nGbK Neue Gesellschaft f\u00fcr Bildende Kunst 2020..\"><\/object><a id=\"wp-block-file--media-1c497fec-00b6-4643-a0c5-82a051b14161\" href=\"https:\/\/juliastolba.org\/wp-content\/uploads\/2026\/03\/Vermittlung-vermitteln.pdf\">Ay\u015fe G\u00fclec, Carina Herring, Gila Kolb, Nora Sternfeld, Julia Stolba (Hg:innen), vermittlung vermitteln. Fragen, Forderungen und Versuchsanordnungen von Kunstvermittler*innen im 21. Jahrhundert. Berlin, nGbK Neue Gesellschaft f\u00fcr Bildende Kunst 2020.<\/a><a href=\"https:\/\/juliastolba.org\/wp-content\/uploads\/2026\/03\/Vermittlung-vermitteln.pdf\" class=\"wp-block-file__button wp-element-button\" download aria-describedby=\"wp-block-file--media-1c497fec-00b6-4643-a0c5-82a051b14161\">Herunterladen<\/a><\/div>\n<\/div>\n<\/div>\n\n\n\n<p><\/p>\n","protected":false},"excerpt":{"rendered":"<p>publications<\/p>\n","protected":false},"author":1,"featured_media":0,"parent":0,"menu_order":0,"comment_status":"closed","ping_status":"closed","template":"","meta":{"footnotes":""},"class_list":["post-188","page","type-page","status-publish","hentry"],"_links":{"self":[{"href":"https:\/\/juliastolba.org\/index.php?rest_route=\/wp\/v2\/pages\/188","targetHints":{"allow":["GET"]}}],"collection":[{"href":"https:\/\/juliastolba.org\/index.php?rest_route=\/wp\/v2\/pages"}],"about":[{"href":"https:\/\/juliastolba.org\/index.php?rest_route=\/wp\/v2\/types\/page"}],"author":[{"embeddable":true,"href":"https:\/\/juliastolba.org\/index.php?rest_route=\/wp\/v2\/users\/1"}],"replies":[{"embeddable":true,"href":"https:\/\/juliastolba.org\/index.php?rest_route=%2Fwp%2Fv2%2Fcomments&post=188"}],"version-history":[{"count":1,"href":"https:\/\/juliastolba.org\/index.php?rest_route=\/wp\/v2\/pages\/188\/revisions"}],"predecessor-version":[{"id":197,"href":"https:\/\/juliastolba.org\/index.php?rest_route=\/wp\/v2\/pages\/188\/revisions\/197"}],"wp:attachment":[{"href":"https:\/\/juliastolba.org\/index.php?rest_route=%2Fwp%2Fv2%2Fmedia&parent=188"}],"curies":[{"name":"wp","href":"https:\/\/api.w.org\/{rel}","templated":true}]}}