{"id":5,"date":"2026-03-27T13:05:25","date_gmt":"2026-03-27T13:05:25","guid":{"rendered":"https:\/\/juliastolba.org\/?page_id=5"},"modified":"2026-03-30T18:14:06","modified_gmt":"2026-03-30T18:14:06","slug":"julia-stolba","status":"publish","type":"page","link":"https:\/\/juliastolba.org\/?page_id=5","title":{"rendered":""},"content":{"rendered":"\n<h2 class=\"wp-block-heading alignfull has-system-serif-font-family has-huge-title-font-size\">upcoming<\/h2>\n\n\n\n<div class=\"wp-block-media-text alignfull is-stacked-on-mobile is-vertically-aligned-top has-geist-mono-font-family\" style=\"margin-right:1px;margin-left:1px;grid-template-columns:33% auto\"><figure class=\"wp-block-media-text__media\"><img loading=\"lazy\" decoding=\"async\" width=\"743\" height=\"1047\" src=\"https:\/\/juliastolba.org\/wp-content\/uploads\/2026\/03\/Partizanke-Art-Poster_1a_screenshot.jpg\" alt=\"Partizanke Art Suject\nIllustrartion: Julia Stolba\" class=\"wp-image-7 size-full\" srcset=\"https:\/\/juliastolba.org\/wp-content\/uploads\/2026\/03\/Partizanke-Art-Poster_1a_screenshot.jpg 743w, https:\/\/juliastolba.org\/wp-content\/uploads\/2026\/03\/Partizanke-Art-Poster_1a_screenshot-213x300.jpg 213w, https:\/\/juliastolba.org\/wp-content\/uploads\/2026\/03\/Partizanke-Art-Poster_1a_screenshot-727x1024.jpg 727w\" sizes=\"auto, (max-width: 743px) 100vw, 743px\" \/><\/figure><div class=\"wp-block-media-text__content\">\n<p style=\"font-size:clamp(15.747px, 0.984rem + ((1vw - 3.2px) * 0.889), 24px);\">Partizan\u2605ke Art. Die Kunst des weiblichen Widerstands in Jugoslawien und K\u00e4rnten | Umetnost \u017eenskega odpora v Jugoslaviji in na Koro\u0161kem<\/p>\n\n\n\n<p>OPENING: 30.04.2026 D\u00d6W, Otto-Wagner Areal Wien<\/p>\n\n\n\n<p class=\"has-contrast-color has-text-color has-link-color has-geist-mono-font-family has-medium-font-size wp-elements-5d1937d864ea54ecb7d40916f396cc3e\">kuratiert von <a href=\"https:\/\/partizanke-art.jimdosite.com\/\" data-type=\"link\" data-id=\"https:\/\/partizanke-art.jimdosite.com\/\" target=\"_blank\" rel=\"noreferrer noopener\">Partizan\u2605ke Art Collective<\/a>: Elena Messner, Julia Stolba, Brigita Malenica, Sabina Ferhadbegovi\u0107 und Goran Lazi\u010di\u0107<\/p>\n\n\n\n<p class=\"has-link-color has-geist-mono-font-family has-medium-font-size wp-elements-e4396ba1007f1b28ad76a59c14c5271a\"><a href=\"http:\/\/www.doew.at\/neues\/partizan-ke-art-kommt-ins-doew-ausstellung-ab-30-april-im-otto-wagner-areal\" data-type=\"link\" data-id=\"www.doew.at\/neues\/partizan-ke-art-kommt-ins-doew-ausstellung-ab-30-april-im-otto-wagner-areal\" target=\"_blank\" rel=\"noreferrer noopener\">&gt; more <\/a><\/p>\n<\/div><\/div>\n\n\n\n<blockquote class=\"wp-block-quote alignfull is-layout-flow wp-block-quote-is-layout-flow\">\n<p class=\"has-geist-mono-font-family has-tiny-font-size\" style=\"font-style:italic;font-weight:400\">Illustration: Julia Stolba<\/p>\n<\/blockquote>\n\n\n\n<h1 class=\"wp-block-heading alignfull has-system-serif-font-family has-huge-title-font-size\">ongoing &amp; recent<\/h1>\n\n\n\n<div class=\"wp-block-media-text alignfull is-stacked-on-mobile is-vertically-aligned-top\" style=\"margin-right:var(--wp--preset--spacing--10);margin-left:var(--wp--preset--spacing--10);grid-template-columns:33% auto\"><figure class=\"wp-block-media-text__media\"><img loading=\"lazy\" decoding=\"async\" width=\"1024\" height=\"566\" src=\"https:\/\/juliastolba.org\/wp-content\/uploads\/2026\/03\/flucc-1024x566.png\" alt=\"\" class=\"wp-image-134 size-full\" srcset=\"https:\/\/juliastolba.org\/wp-content\/uploads\/2026\/03\/flucc-1024x566.png 1024w, https:\/\/juliastolba.org\/wp-content\/uploads\/2026\/03\/flucc-300x166.png 300w, https:\/\/juliastolba.org\/wp-content\/uploads\/2026\/03\/flucc-768x424.png 768w, https:\/\/juliastolba.org\/wp-content\/uploads\/2026\/03\/flucc-1536x849.png 1536w, https:\/\/juliastolba.org\/wp-content\/uploads\/2026\/03\/flucc.png 1911w\" sizes=\"auto, (max-width: 1024px) 100vw, 1024px\" \/><\/figure><div class=\"wp-block-media-text__content\">\n<p class=\"has-geist-mono-font-family\" style=\"font-size:clamp(15.747px, 0.984rem + ((1vw - 3.2px) * 0.889), 24px);\">Widerst\u00e4ndige Archive sprechen &#8211; Happiness as Resistance 1<\/p>\n\n\n\n<p class=\"has-geist-mono-font-family\" style=\"font-size:clamp(14px, 0.875rem + ((1vw - 3.2px) * 0.216), 16px);\"><strong>Laufzeit: 27. Februar&nbsp;\u2013&nbsp;5. April<\/strong> 2026<br>flucc Vienna<\/p>\n\n\n\n<p class=\"has-geist-mono-font-family\" style=\"font-size:clamp(14px, 0.875rem + ((1vw - 3.2px) * 0.216), 16px);\">Das Projekt versammelt unterschiedliche K\u00fcnstler:innen und Kollektive, die sich mit ungehorsamen, subversiven und aufbegehrenden Archiven auseinandersetzen und auf unterschiedliche Weise fragen, wie die Sprachen widerst\u00e4ndiger Vergangenheiten heute wieder h\u00f6rbar werden k\u00f6nnen.<\/p>\n\n\n\n<p class=\"has-geist-mono-font-family\" style=\"font-size:clamp(14px, 0.875rem + ((1vw - 3.2px) * 0.216), 16px);\"><strong>mit Beitr\u00e4gen von:<\/strong><\/p>\n\n\n\n<p class=\"has-geist-mono-font-family\" style=\"font-size:clamp(14px, 0.875rem + ((1vw - 3.2px) * 0.216), 16px);\">Karin Berger, Philipp Gufler, Laura Nitsch, Partizan\u2605ke Art (Sabina Ferhadbegovi\u0107, Goran Lazi\u010di\u0107, Brigita Malenica, Elena Messner, Julia Stolba in&nbsp;Kooperation mit Zveza koro\u0161kih partizanov\/Verband der K\u00e4rntner Partisan:innen), SKGAL \u2013&nbsp;Sekretariat f\u00fcr Geister, Archivpolitiken und L\u00fccken&nbsp;(Nina H\u00f6chtl und Julia Wieger)<\/p>\n\n\n\n<p class=\"has-geist-mono-font-family\" style=\"font-size:clamp(14px, 0.875rem + ((1vw - 3.2px) * 0.216), 16px);\"><strong>Kuratiert<\/strong> von Simon Nagy<\/p>\n\n\n\n<p class=\"has-geist-mono-font-family\"><a href=\"https:\/\/flucc.at\/events\/RojZzh-widerstandige-archive-sprechen-happiness-as-resistance-1\/\" data-type=\"link\" data-id=\"https:\/\/flucc.at\/events\/RojZzh-widerstandige-archive-sprechen-happiness-as-resistance-1\/\" target=\"_blank\" rel=\"noreferrer noopener\">&gt; more <\/a><\/p>\n<\/div><\/div>\n\n\n\n<div class=\"wp-block-media-text alignfull is-stacked-on-mobile is-vertically-aligned-top\" style=\"margin-right:var(--wp--preset--spacing--10);margin-left:var(--wp--preset--spacing--10);grid-template-columns:33% auto\"><figure class=\"wp-block-media-text__media\"><img loading=\"lazy\" decoding=\"async\" width=\"728\" height=\"1024\" src=\"https:\/\/juliastolba.org\/wp-content\/uploads\/2026\/03\/partizanke-wolfsberg-klein-728x1024.jpg\" alt=\"\" class=\"wp-image-136 size-full\" srcset=\"https:\/\/juliastolba.org\/wp-content\/uploads\/2026\/03\/partizanke-wolfsberg-klein-728x1024.jpg 728w, https:\/\/juliastolba.org\/wp-content\/uploads\/2026\/03\/partizanke-wolfsberg-klein-213x300.jpg 213w, https:\/\/juliastolba.org\/wp-content\/uploads\/2026\/03\/partizanke-wolfsberg-klein.jpg 743w\" sizes=\"auto, (max-width: 728px) 100vw, 728px\" \/><\/figure><div class=\"wp-block-media-text__content\">\n<p class=\"has-geist-mono-font-family\" style=\"font-size:clamp(15.747px, 0.984rem + ((1vw - 3.2px) * 0.889), 24px);\">Die Kunst des weiblichen Widerstands in Jugoslawien und K\u00e4rnten | Umetnost \u017eenskega odpora v Jugoslaviji in na Koro\u0161kem<\/p>\n\n\n\n<p class=\"has-geist-mono-font-family\" style=\"font-size:clamp(14px, 0.875rem + ((1vw - 3.2px) * 0.216), 16px);\"><strong>13. Dez 2025 bis 05. April 2026<\/strong><br>Container25 Wolfsberg<\/p>\n\n\n\n<p class=\"has-geist-mono-font-family\" style=\"font-size:clamp(14px, 0.875rem + ((1vw - 3.2px) * 0.216), 16px);\">Kuratierung | Kuracija: Elena Messner, Brigita Malenica, Julia Stolba, Sabina Ferhadbegovi\u0107, Goran Lazi\u010di\u0107<\/p>\n\n\n\n<p class=\"has-geist-mono-font-family\" style=\"font-size:clamp(14px, 0.875rem + ((1vw - 3.2px) * 0.216), 16px);\"><a href=\"https:\/\/container25.at\/veranstaltung\/die-kunst-des-weiblichen-widerstands-in-jugoslawien-und-karnten-umetnost-zenskega-odpora-v-jugoslaviji-in-na-koroskem\/\">&gt; more<\/a><\/p>\n<\/div><\/div>\n\n\n\n<div class=\"wp-block-group alignfull is-nowrap is-layout-flex wp-container-core-group-is-layout-6c531013 wp-block-group-is-layout-flex\">\n<blockquote class=\"wp-block-quote alignwide is-layout-flow wp-block-quote-is-layout-flow\">\n<p class=\"has-geist-mono-font-family has-tiny-font-size\" style=\"font-style:italic;font-weight:400\">Illustration: Julia Stolba<\/p>\n<\/blockquote>\n\n\n\n<p><\/p>\n<\/div>\n\n\n\n<div class=\"wp-block-media-text alignfull is-stacked-on-mobile is-vertically-aligned-top\" style=\"margin-right:var(--wp--preset--spacing--10);margin-left:var(--wp--preset--spacing--10);grid-template-columns:33% auto\"><figure class=\"wp-block-media-text__media\"><img loading=\"lazy\" decoding=\"async\" width=\"728\" height=\"1024\" src=\"https:\/\/juliastolba.org\/wp-content\/uploads\/2026\/03\/Partizanke-Art-Poster-728x1024.jpg\" alt=\"\" class=\"wp-image-97 size-full\" srcset=\"https:\/\/juliastolba.org\/wp-content\/uploads\/2026\/03\/Partizanke-Art-Poster-728x1024.jpg 728w, https:\/\/juliastolba.org\/wp-content\/uploads\/2026\/03\/Partizanke-Art-Poster-213x300.jpg 213w, https:\/\/juliastolba.org\/wp-content\/uploads\/2026\/03\/Partizanke-Art-Poster.jpg 744w\" sizes=\"auto, (max-width: 728px) 100vw, 728px\" \/><\/figure><div class=\"wp-block-media-text__content\">\n<p class=\"has-geist-mono-font-family has-x-large-font-size\">Die Kunst des weiblichen Widerstands in Jugoslawien und K\u00e4rnten<br>Umetnost \u017eenskega odpora v Jugoslaviji in na Koro\u0161kem<\/p>\n\n\n\n<p class=\"has-geist-mono-font-family has-medium-font-size\">Sonderschau 03.10.\u201316.11.2025 | k\u00e4rnten.museum Klagenfurt<\/p>\n\n\n\n<p class=\"has-geist-mono-font-family has-medium-font-size\">Kuratierung | Kuracija: Elena Messner, Brigita Malenica, Julia Stolba, Sabina Ferhadbegovi\u0107, Goran Lazi\u010di\u0107<\/p>\n\n\n\n<p><a href=\"https:\/\/landesmuseum.ktn.gv.at\/ausstellungen?aid=59\" target=\"_blank\" rel=\"noreferrer noopener\">&gt; more<\/a><\/p>\n<\/div><\/div>\n\n\n\n<blockquote class=\"wp-block-quote alignfull is-layout-flow wp-block-quote-is-layout-flow\">\n<p class=\"has-geist-mono-font-family has-tiny-font-size\" style=\"font-style:italic;font-weight:400\">Illustration: Julia Stolba<\/p>\n<\/blockquote>\n\n\n\n<p><\/p>\n","protected":false},"excerpt":{"rendered":"<p>upcoming Partizan\u2605ke Art. Die Kunst des weiblichen Widerstands in Jugoslawien und K\u00e4rnten | Umetnost \u017eenskega odpora v Jugoslaviji in na Koro\u0161kem OPENING: 30.04.2026 D\u00d6W, Otto-Wagner Areal Wien kuratiert von Partizan\u2605ke Art Collective: Elena Messner, Julia Stolba, Brigita Malenica, Sabina Ferhadbegovi\u0107 und Goran Lazi\u010di\u0107 &gt; more Illustration: Julia Stolba ongoing &amp; recent Widerst\u00e4ndige Archive sprechen &#8211; [&hellip;]<\/p>\n","protected":false},"author":1,"featured_media":0,"parent":0,"menu_order":0,"comment_status":"closed","ping_status":"closed","template":"","meta":{"footnotes":""},"class_list":["post-5","page","type-page","status-publish","hentry"],"_links":{"self":[{"href":"https:\/\/juliastolba.org\/index.php?rest_route=\/wp\/v2\/pages\/5","targetHints":{"allow":["GET"]}}],"collection":[{"href":"https:\/\/juliastolba.org\/index.php?rest_route=\/wp\/v2\/pages"}],"about":[{"href":"https:\/\/juliastolba.org\/index.php?rest_route=\/wp\/v2\/types\/page"}],"author":[{"embeddable":true,"href":"https:\/\/juliastolba.org\/index.php?rest_route=\/wp\/v2\/users\/1"}],"replies":[{"embeddable":true,"href":"https:\/\/juliastolba.org\/index.php?rest_route=%2Fwp%2Fv2%2Fcomments&post=5"}],"version-history":[{"count":16,"href":"https:\/\/juliastolba.org\/index.php?rest_route=\/wp\/v2\/pages\/5\/revisions"}],"predecessor-version":[{"id":146,"href":"https:\/\/juliastolba.org\/index.php?rest_route=\/wp\/v2\/pages\/5\/revisions\/146"}],"wp:attachment":[{"href":"https:\/\/juliastolba.org\/index.php?rest_route=%2Fwp%2Fv2%2Fmedia&parent=5"}],"curies":[{"name":"wp","href":"https:\/\/api.w.org\/{rel}","templated":true}]}}