{"id":68,"date":"2026-03-30T11:44:40","date_gmt":"2026-03-30T11:44:40","guid":{"rendered":"https:\/\/juliastolba.org\/?page_id=68"},"modified":"2026-03-31T10:22:42","modified_gmt":"2026-03-31T10:22:42","slug":"68-2","status":"publish","type":"page","link":"https:\/\/juliastolba.org\/?page_id=68","title":{"rendered":""},"content":{"rendered":"\n<h2 class=\"wp-block-heading alignfull has-system-serif-font-family has-huge-title-font-size\" style=\"line-height:0.8\">the afterlife of voids &amp; traces<\/h2>\n\n\n\n<div class=\"wp-block-media-text alignfull is-stacked-on-mobile has-border-color has-base-border-color\" style=\"border-width:24px;grid-template-columns:53% auto\"><figure class=\"wp-block-media-text__media\"><img loading=\"lazy\" decoding=\"async\" width=\"1024\" height=\"683\" src=\"https:\/\/juliastolba.org\/wp-content\/uploads\/2026\/03\/afterlive-of-voids-and-traces-_13-2-edited-1-1024x683.png\" alt=\"\" class=\"wp-image-154 size-full\" srcset=\"https:\/\/juliastolba.org\/wp-content\/uploads\/2026\/03\/afterlive-of-voids-and-traces-_13-2-edited-1-1024x683.png 1024w, https:\/\/juliastolba.org\/wp-content\/uploads\/2026\/03\/afterlive-of-voids-and-traces-_13-2-edited-1-300x200.png 300w, https:\/\/juliastolba.org\/wp-content\/uploads\/2026\/03\/afterlive-of-voids-and-traces-_13-2-edited-1-768x512.png 768w, https:\/\/juliastolba.org\/wp-content\/uploads\/2026\/03\/afterlive-of-voids-and-traces-_13-2-edited-1.png 1459w\" sizes=\"auto, (max-width: 1024px) 100vw, 1024px\" \/><\/figure><div class=\"wp-block-media-text__content\">\n<p><\/p>\n<\/div><\/div>\n\n\n\n<blockquote class=\"wp-block-quote is-layout-flow wp-block-quote-is-layout-flow\">\n<p><\/p>\n<\/blockquote>\n\n\n\n<blockquote class=\"wp-block-quote alignfull is-layout-flow wp-block-quote-is-layout-flow\">\n<div class=\"wp-block-group is-nowrap is-layout-flex wp-container-core-group-is-layout-6c531013 wp-block-group-is-layout-flex\">\n<p class=\"has-geist-mono-font-family\">Die Arbeit <em>the affective afterlife of voids and traces<\/em> besch\u00e4ftigt sich mit f\u00fcnf Orten, die Spuren von Naziverbrechen zeigen: Schienen, die nirgendwo mehr hinf\u00fchren, die aber nach genauer Recherche mit umliegenden Au\u00dfenlagern in Zusammenhang standen. Bunkerreste in W\u00e4ldern, Laternen, die Orten der Zwangsarbeit zugeordnet werden k\u00f6nnen. Oftmals findet an diesen Orten keine oder unzureichende Vermittlung von Wissen \u00fcber sie statt. Unzureichend bedeutet, was sich immer sp\u00fcren aber schwer in Worte fassen l\u00e4sst: denn nicht selten stellt sich das Gef\u00fchl ein, Orte des Gedenkens w\u00fcrden nur soweit geschaffen, wie es \u201eeben sein muss\u201c. Dies findet durch verschiedenste Formen Ausdruck: die gew\u00e4hlten Formulierungen wirken nur allzu oft so, als w\u00e4ren Nazis eines Tages mit einem Ufo gelandet. Ganz so, als w\u00e4re nicht jede Stadt, jeder Ort ein aktiv wissender und handelnder Teil des Holocaust gewesen. Immer noch wird in diesen Texten versucht, die Schuld zu nicht greifbaren \u201eDritten\u201c, den Nazis, unter Verschleierung der Tatsache, dass es die Stadtbewohner:innen selbst waren, zu verschieben, daf\u00fcr die Grausamkeit des Krieges an sich in den Vordergrund zu stellen (der ja f\u00fcr \u201ealle\u201c schlimm war) und die vorbildliche Erinnerungskultur Deutschlands zu betonen. Es findet auch Ausdruck in einem der zahllosen Gedenksteine am Stra\u00dfenrand, auf dessen unebener und dunkler Oberfl\u00e4che ebenso dunkle Buchstaben angebracht oder eingehauen wurden, die kaum lesbar sind, selbst dann nicht, wenn man direkt davor st\u00fcnde, doch das ist nicht selten unm\u00f6glich. Sie stehen oft am Rande vielbefahrener Stra\u00dfen, ohne eine M\u00f6glichkeit anzuhalten. So wird nicht einmal klar, wof\u00fcr diese Steine stehen, sie k\u00f6nnten ebenso einen Motorradunfall betrauern oder zum Wald-Erlebnispfand in 5km Entfernung verweisen. Im Gegensatz dazu stehen Denkm\u00e4ler der Weltkriege in bestens restauriertem Zustand, gro\u00df, nicht zu \u00fcbersehen und meist umgeben von gut gepflegten Gr\u00fcnanlagen in jeder Ortschaft. Diesen letzten Punkt k\u00f6nnte man nun noch weiter diskutieren, das ist jedoch nicht Gegenstand der k\u00fcnstlerischen Auseinandersetzungen in diesen Arbeiten. Es geht vielmehr darum, was mit den mehr und mit den weniger sichtbaren Spuren geschieht: oftmals gar nichts. Sie werden dem Verfall \u00fcberlassen, einverleibt oder abgerissen. Sie werden unsichtbar gemacht ohne tats\u00e4chlich versteckt zu werden. Man begn\u00fcgt sich damit, dass sie \u201euntergehen\u201c im Waldboden, zwischen Baumst\u00e4mmen, unter neuer Nutzung ihrer Fl\u00e4chen.<\/p>\n<\/div>\n\n\n\n<p class=\"has-geist-mono-font-family\">Das Nachleben der Leerstellen, der Spuren und ihrer Geschichten, ist dennoch sp\u00fcrbar, sichtbar, h\u00f6rbar, sobald man um ihre Existenz wei\u00df. Dann ist es, als w\u00fcrden sie leuchten zwischen dem Ge\u00e4st oder in einer Reihe von H\u00e4usern und jedes Mal, wenn man ihnen folgt, erweisen sie sich als wahr.<\/p>\n\n\n\n<p class=\"has-geist-mono-font-family\">Die Arbeit <em>the affective afterlife of voids and traces<\/em> wurde 2022 im orbit Altona, Hamburg (DE) gezeigt.<\/p>\n\n\n\n<blockquote class=\"wp-block-quote is-layout-flow wp-block-quote-is-layout-flow\">\n<p class=\"has-system-serif-font-family\" style=\"font-size:clamp(14px, 0.875rem + ((1vw - 3.2px) * 0.431), 18px);line-height:0.4\">You take a walk.<\/p>\n\n\n\n<p class=\"has-system-serif-font-family\" style=\"font-size:clamp(14px, 0.875rem + ((1vw - 3.2px) * 0.431), 18px);line-height:0.4\">In a forest in Germany.<\/p>\n\n\n\n<p class=\"has-system-serif-font-family\" style=\"font-size:clamp(14px, 0.875rem + ((1vw - 3.2px) * 0.431), 18px);line-height:0.4\">You leave the path where people run with their dogs.<\/p>\n\n\n\n<p class=\"has-system-serif-font-family\" style=\"font-size:clamp(14px, 0.875rem + ((1vw - 3.2px) * 0.431), 18px);line-height:0.4\">Mossy concrete slabs on the forest floor under your feet.<\/p>\n\n\n\n<p class=\"has-system-serif-font-family\" style=\"font-size:clamp(14px, 0.875rem + ((1vw - 3.2px) * 0.431), 18px);line-height:0.4\">You take a walk<\/p>\n\n\n\n<p class=\"has-system-serif-font-family\" style=\"font-size:clamp(14px, 0.875rem + ((1vw - 3.2px) * 0.431), 18px);line-height:0.4\">Across a meadow at the edge of the forest<\/p>\n\n\n\n<p class=\"has-system-serif-font-family\" style=\"font-size:clamp(14px, 0.875rem + ((1vw - 3.2px) * 0.431), 18px);line-height:0.4\">Over rails that vanish beneath some roots<\/p>\n\n\n\n<p class=\"has-system-serif-font-family\" style=\"font-size:clamp(14px, 0.875rem + ((1vw - 3.2px) * 0.431), 18px);line-height:0.4\">You take a walk<\/p>\n\n\n\n<p class=\"has-system-serif-font-family\" style=\"font-size:clamp(14px, 0.875rem + ((1vw - 3.2px) * 0.431), 18px);line-height:0.4\">And among the trees<\/p>\n\n\n\n<p class=\"has-system-serif-font-family\" style=\"font-size:clamp(14px, 0.875rem + ((1vw - 3.2px) * 0.431), 18px);line-height:0.4\">You notice partly ruinous buildings<\/p>\n\n\n\n<p class=\"has-system-serif-font-family\" style=\"font-size:clamp(14px, 0.875rem + ((1vw - 3.2px) * 0.431), 18px);line-height:0.4\">You take a walk<\/p>\n\n\n\n<p class=\"has-system-serif-font-family\" style=\"font-size:clamp(14px, 0.875rem + ((1vw - 3.2px) * 0.431), 18px);line-height:0.4\">Through an industrial zone<\/p>\n\n\n\n<p class=\"has-system-serif-font-family\" style=\"font-size:clamp(14px, 0.875rem + ((1vw - 3.2px) * 0.431), 18px);line-height:0.4\">And between trash cans and trucks<\/p>\n\n\n\n<p class=\"has-system-serif-font-family\" style=\"font-size:clamp(14px, 0.875rem + ((1vw - 3.2px) * 0.431), 18px);line-height:0.4\">The road leads to such old buildings<\/p>\n\n\n\n<p class=\"has-system-serif-font-family\" style=\"font-size:clamp(14px, 0.875rem + ((1vw - 3.2px) * 0.431), 18px);line-height:0.4\">You take a walk<\/p>\n\n\n\n<p class=\"has-system-serif-font-family\" style=\"font-size:clamp(14px, 0.875rem + ((1vw - 3.2px) * 0.431), 18px);line-height:0.4\">On a cold winter&#8217;s day<\/p>\n\n\n\n<p class=\"has-system-serif-font-family\" style=\"font-size:clamp(14px, 0.875rem + ((1vw - 3.2px) * 0.431), 18px);line-height:0.4\">And between the ranks of bare trees<\/p>\n\n\n\n<p class=\"has-system-serif-font-family\" style=\"font-size:clamp(14px, 0.875rem + ((1vw - 3.2px) * 0.431), 18px);line-height:0.4\">Lanterns tower high in their tops<\/p>\n\n\n\n<p class=\"has-system-serif-font-family\" style=\"font-size:clamp(14px, 0.875rem + ((1vw - 3.2px) * 0.431), 18px);line-height:0.4\">You take a walk<\/p>\n\n\n\n<p class=\"has-system-serif-font-family\" style=\"font-size:clamp(14px, 0.875rem + ((1vw - 3.2px) * 0.431), 18px);line-height:0.4\">Through the vibrant city.<\/p>\n\n\n\n<p class=\"has-system-serif-font-family\" style=\"font-size:clamp(14px, 0.875rem + ((1vw - 3.2px) * 0.431), 18px);line-height:0.4\">And you\u2019re always surrounded by those places and their stories<\/p>\n\n\n\n<p class=\"has-system-serif-font-family\" style=\"font-size:clamp(14px, 0.875rem + ((1vw - 3.2px) * 0.431), 18px);line-height:0.4\">Every time your steps stop,<\/p>\n\n\n\n<p class=\"has-system-serif-font-family\" style=\"font-size:clamp(14px, 0.875rem + ((1vw - 3.2px) * 0.431), 18px);line-height:0.4\">You are already standing at one of them<\/p>\n\n\n\n<p class=\"has-system-serif-font-family\" style=\"font-size:clamp(14px, 0.875rem + ((1vw - 3.2px) * 0.431), 18px);line-height:0.4\">Since they are<\/p>\n\n\n\n<p class=\"has-system-serif-font-family\" style=\"font-size:clamp(14px, 0.875rem + ((1vw - 3.2px) * 0.431), 18px);line-height:0.4\">always &nbsp;everywhere.<\/p>\n\n\n\n<p class=\"has-system-serif-font-family\" style=\"font-size:clamp(14px, 0.875rem + ((1vw - 3.2px) * 0.431), 18px);line-height:0.4\">And it\u2019s not the places that are silent about their stories.<\/p>\n\n\n\n<p class=\"has-system-serif-font-family\" style=\"font-size:clamp(14px, 0.875rem + ((1vw - 3.2px) * 0.431), 18px);line-height:0.4\">It is the ones that make them disappear<\/p>\n\n\n\n<p class=\"has-system-serif-font-family\" style=\"font-size:clamp(14px, 0.875rem + ((1vw - 3.2px) * 0.431), 18px);line-height:0.4\">It\u2019s those who organise memory. On large sites<\/p>\n\n\n\n<p class=\"has-system-serif-font-family\" style=\"font-size:clamp(14px, 0.875rem + ((1vw - 3.2px) * 0.431), 18px);line-height:0.4\">Who then shall speak<\/p>\n\n\n\n<p class=\"has-system-serif-font-family\" style=\"font-size:clamp(14px, 0.875rem + ((1vw - 3.2px) * 0.431), 18px);line-height:0.4\">For all of them<\/p>\n\n\n\n<p><\/p>\n\n\n\n<p class=\"has-geist-mono-font-family has-heading-6-font-size\" style=\"line-height:0.4\"><em>You take a walk &#8211; Julia Stolba<\/em>, 2022<\/p>\n<\/blockquote>\n<\/blockquote>\n\n\n\n<figure class=\"wp-block-gallery alignfull has-nested-images columns-3 has-border-color has-base-border-color has-base-background-color has-background wp-block-gallery-1 is-layout-flex wp-block-gallery-is-layout-flex\" style=\"border-width:17px\">\n<figure class=\"wp-block-image size-large\"><img loading=\"lazy\" decoding=\"async\" width=\"680\" height=\"1024\" data-id=\"74\" src=\"https:\/\/juliastolba.org\/wp-content\/uploads\/2026\/03\/afterlive-of-voids-and-traces-_6-1-680x1024.png\" alt=\"\" class=\"wp-image-74\" srcset=\"https:\/\/juliastolba.org\/wp-content\/uploads\/2026\/03\/afterlive-of-voids-and-traces-_6-1-680x1024.png 680w, https:\/\/juliastolba.org\/wp-content\/uploads\/2026\/03\/afterlive-of-voids-and-traces-_6-1-199x300.png 199w, https:\/\/juliastolba.org\/wp-content\/uploads\/2026\/03\/afterlive-of-voids-and-traces-_6-1.png 697w\" sizes=\"auto, (max-width: 680px) 100vw, 680px\" \/><\/figure>\n\n\n\n<figure class=\"wp-block-image size-large\"><img loading=\"lazy\" decoding=\"async\" width=\"685\" height=\"1024\" data-id=\"83\" src=\"https:\/\/juliastolba.org\/wp-content\/uploads\/2026\/03\/afterlive-of-voids-and-traces-_19-1-685x1024.png\" alt=\"\" class=\"wp-image-83\" srcset=\"https:\/\/juliastolba.org\/wp-content\/uploads\/2026\/03\/afterlive-of-voids-and-traces-_19-1-685x1024.png 685w, https:\/\/juliastolba.org\/wp-content\/uploads\/2026\/03\/afterlive-of-voids-and-traces-_19-1-201x300.png 201w, https:\/\/juliastolba.org\/wp-content\/uploads\/2026\/03\/afterlive-of-voids-and-traces-_19-1.png 697w\" sizes=\"auto, (max-width: 685px) 100vw, 685px\" \/><\/figure>\n\n\n\n<figure class=\"wp-block-image size-large\"><img loading=\"lazy\" decoding=\"async\" width=\"684\" height=\"1024\" data-id=\"72\" src=\"https:\/\/juliastolba.org\/wp-content\/uploads\/2026\/03\/afterlive-of-voids-and-traces-_1-1-684x1024.png\" alt=\"\" class=\"wp-image-72\" srcset=\"https:\/\/juliastolba.org\/wp-content\/uploads\/2026\/03\/afterlive-of-voids-and-traces-_1-1-684x1024.png 684w, https:\/\/juliastolba.org\/wp-content\/uploads\/2026\/03\/afterlive-of-voids-and-traces-_1-1-200x300.png 200w, https:\/\/juliastolba.org\/wp-content\/uploads\/2026\/03\/afterlive-of-voids-and-traces-_1-1.png 697w\" sizes=\"auto, (max-width: 684px) 100vw, 684px\" \/><\/figure>\n\n\n\n<figure class=\"wp-block-image size-large\"><img loading=\"lazy\" decoding=\"async\" width=\"685\" height=\"1024\" data-id=\"82\" src=\"https:\/\/juliastolba.org\/wp-content\/uploads\/2026\/03\/afterlive-of-voids-and-traces-_18-1-685x1024.png\" alt=\"\" class=\"wp-image-82\" srcset=\"https:\/\/juliastolba.org\/wp-content\/uploads\/2026\/03\/afterlive-of-voids-and-traces-_18-1-685x1024.png 685w, https:\/\/juliastolba.org\/wp-content\/uploads\/2026\/03\/afterlive-of-voids-and-traces-_18-1-201x300.png 201w, https:\/\/juliastolba.org\/wp-content\/uploads\/2026\/03\/afterlive-of-voids-and-traces-_18-1.png 699w\" sizes=\"auto, (max-width: 685px) 100vw, 685px\" \/><\/figure>\n\n\n\n<figure class=\"wp-block-image size-large\"><img loading=\"lazy\" decoding=\"async\" width=\"684\" height=\"1024\" data-id=\"73\" src=\"https:\/\/juliastolba.org\/wp-content\/uploads\/2026\/03\/afterlive-of-voids-and-traces-_8-1-684x1024.png\" alt=\"\" class=\"wp-image-73\" srcset=\"https:\/\/juliastolba.org\/wp-content\/uploads\/2026\/03\/afterlive-of-voids-and-traces-_8-1-684x1024.png 684w, https:\/\/juliastolba.org\/wp-content\/uploads\/2026\/03\/afterlive-of-voids-and-traces-_8-1-200x300.png 200w, https:\/\/juliastolba.org\/wp-content\/uploads\/2026\/03\/afterlive-of-voids-and-traces-_8-1.png 698w\" sizes=\"auto, (max-width: 684px) 100vw, 684px\" \/><\/figure>\n\n\n\n<figure class=\"wp-block-image size-large\"><img loading=\"lazy\" decoding=\"async\" width=\"681\" height=\"1024\" data-id=\"71\" src=\"https:\/\/juliastolba.org\/wp-content\/uploads\/2026\/03\/afterlive-of-voids-and-traces-_2-1-681x1024.png\" alt=\"\" class=\"wp-image-71\" srcset=\"https:\/\/juliastolba.org\/wp-content\/uploads\/2026\/03\/afterlive-of-voids-and-traces-_2-1-681x1024.png 681w, https:\/\/juliastolba.org\/wp-content\/uploads\/2026\/03\/afterlive-of-voids-and-traces-_2-1-200x300.png 200w, https:\/\/juliastolba.org\/wp-content\/uploads\/2026\/03\/afterlive-of-voids-and-traces-_2-1.png 698w\" sizes=\"auto, (max-width: 681px) 100vw, 681px\" \/><\/figure>\n\n\n\n<figure class=\"wp-block-image size-large\"><img loading=\"lazy\" decoding=\"async\" width=\"684\" height=\"1024\" data-id=\"80\" src=\"https:\/\/juliastolba.org\/wp-content\/uploads\/2026\/03\/afterlive-of-voids-and-traces-_16-1-684x1024.png\" alt=\"\" class=\"wp-image-80\" srcset=\"https:\/\/juliastolba.org\/wp-content\/uploads\/2026\/03\/afterlive-of-voids-and-traces-_16-1-684x1024.png 684w, https:\/\/juliastolba.org\/wp-content\/uploads\/2026\/03\/afterlive-of-voids-and-traces-_16-1-200x300.png 200w, https:\/\/juliastolba.org\/wp-content\/uploads\/2026\/03\/afterlive-of-voids-and-traces-_16-1.png 699w\" sizes=\"auto, (max-width: 684px) 100vw, 684px\" \/><\/figure>\n\n\n\n<figure class=\"wp-block-image size-large\"><img loading=\"lazy\" decoding=\"async\" width=\"682\" height=\"1024\" data-id=\"76\" src=\"https:\/\/juliastolba.org\/wp-content\/uploads\/2026\/03\/afterlive-of-voids-and-traces-_11-1-682x1024.png\" alt=\"\" class=\"wp-image-76\" srcset=\"https:\/\/juliastolba.org\/wp-content\/uploads\/2026\/03\/afterlive-of-voids-and-traces-_11-1-682x1024.png 682w, https:\/\/juliastolba.org\/wp-content\/uploads\/2026\/03\/afterlive-of-voids-and-traces-_11-1-200x300.png 200w, https:\/\/juliastolba.org\/wp-content\/uploads\/2026\/03\/afterlive-of-voids-and-traces-_11-1.png 698w\" sizes=\"auto, (max-width: 682px) 100vw, 682px\" \/><\/figure>\n\n\n\n<figure class=\"wp-block-image size-large\"><img loading=\"lazy\" decoding=\"async\" width=\"680\" height=\"1024\" data-id=\"75\" src=\"https:\/\/juliastolba.org\/wp-content\/uploads\/2026\/03\/afterlive-of-voids-and-traces-_9-1-680x1024.png\" alt=\"\" class=\"wp-image-75\" srcset=\"https:\/\/juliastolba.org\/wp-content\/uploads\/2026\/03\/afterlive-of-voids-and-traces-_9-1-680x1024.png 680w, https:\/\/juliastolba.org\/wp-content\/uploads\/2026\/03\/afterlive-of-voids-and-traces-_9-1-199x300.png 199w, https:\/\/juliastolba.org\/wp-content\/uploads\/2026\/03\/afterlive-of-voids-and-traces-_9-1.png 695w\" sizes=\"auto, (max-width: 680px) 100vw, 680px\" \/><\/figure>\n\n\n\n<figure class=\"wp-block-image size-large\"><img loading=\"lazy\" decoding=\"async\" width=\"617\" height=\"978\" data-id=\"69\" src=\"https:\/\/juliastolba.org\/wp-content\/uploads\/2026\/03\/afterlive-of-voids-and-traces-_3-1.png\" alt=\"\" class=\"wp-image-69\" srcset=\"https:\/\/juliastolba.org\/wp-content\/uploads\/2026\/03\/afterlive-of-voids-and-traces-_3-1.png 617w, https:\/\/juliastolba.org\/wp-content\/uploads\/2026\/03\/afterlive-of-voids-and-traces-_3-1-189x300.png 189w\" sizes=\"auto, (max-width: 617px) 100vw, 617px\" \/><\/figure>\n\n\n\n<figure class=\"wp-block-image size-large\"><img loading=\"lazy\" decoding=\"async\" width=\"684\" height=\"1024\" data-id=\"70\" src=\"https:\/\/juliastolba.org\/wp-content\/uploads\/2026\/03\/afterlive-of-voids-and-traces-_4-1-684x1024.png\" alt=\"\" class=\"wp-image-70\" srcset=\"https:\/\/juliastolba.org\/wp-content\/uploads\/2026\/03\/afterlive-of-voids-and-traces-_4-1-684x1024.png 684w, https:\/\/juliastolba.org\/wp-content\/uploads\/2026\/03\/afterlive-of-voids-and-traces-_4-1-200x300.png 200w, https:\/\/juliastolba.org\/wp-content\/uploads\/2026\/03\/afterlive-of-voids-and-traces-_4-1.png 697w\" sizes=\"auto, (max-width: 684px) 100vw, 684px\" \/><\/figure>\n\n\n\n<figure class=\"wp-block-image size-large\"><img loading=\"lazy\" decoding=\"async\" width=\"681\" height=\"1024\" data-id=\"78\" src=\"https:\/\/juliastolba.org\/wp-content\/uploads\/2026\/03\/afterlive-of-voids-and-traces-_15-1-681x1024.png\" alt=\"\" class=\"wp-image-78\" srcset=\"https:\/\/juliastolba.org\/wp-content\/uploads\/2026\/03\/afterlive-of-voids-and-traces-_15-1-681x1024.png 681w, https:\/\/juliastolba.org\/wp-content\/uploads\/2026\/03\/afterlive-of-voids-and-traces-_15-1-200x300.png 200w, https:\/\/juliastolba.org\/wp-content\/uploads\/2026\/03\/afterlive-of-voids-and-traces-_15-1.png 694w\" sizes=\"auto, (max-width: 681px) 100vw, 681px\" \/><\/figure>\n\n\n\n<figure class=\"wp-block-image size-large\"><img loading=\"lazy\" decoding=\"async\" width=\"679\" height=\"1024\" data-id=\"77\" src=\"https:\/\/juliastolba.org\/wp-content\/uploads\/2026\/03\/afterlive-of-voids-and-traces-_14-1-679x1024.png\" alt=\"\" class=\"wp-image-77\" srcset=\"https:\/\/juliastolba.org\/wp-content\/uploads\/2026\/03\/afterlive-of-voids-and-traces-_14-1-679x1024.png 679w, https:\/\/juliastolba.org\/wp-content\/uploads\/2026\/03\/afterlive-of-voids-and-traces-_14-1-199x300.png 199w, https:\/\/juliastolba.org\/wp-content\/uploads\/2026\/03\/afterlive-of-voids-and-traces-_14-1.png 694w\" sizes=\"auto, (max-width: 679px) 100vw, 679px\" \/><\/figure>\n\n\n\n<figure class=\"wp-block-image size-full\"><img loading=\"lazy\" decoding=\"async\" width=\"1564\" height=\"1034\" data-id=\"81\" src=\"https:\/\/juliastolba.org\/wp-content\/uploads\/2026\/03\/afterlive-of-voids-and-traces-_17-1.png\" alt=\"\" class=\"wp-image-81\" srcset=\"https:\/\/juliastolba.org\/wp-content\/uploads\/2026\/03\/afterlive-of-voids-and-traces-_17-1.png 1564w, https:\/\/juliastolba.org\/wp-content\/uploads\/2026\/03\/afterlive-of-voids-and-traces-_17-1-300x198.png 300w, https:\/\/juliastolba.org\/wp-content\/uploads\/2026\/03\/afterlive-of-voids-and-traces-_17-1-1024x677.png 1024w, https:\/\/juliastolba.org\/wp-content\/uploads\/2026\/03\/afterlive-of-voids-and-traces-_17-1-768x508.png 768w, https:\/\/juliastolba.org\/wp-content\/uploads\/2026\/03\/afterlive-of-voids-and-traces-_17-1-1536x1015.png 1536w\" sizes=\"auto, (max-width: 1564px) 100vw, 1564px\" \/><\/figure>\n<\/figure>\n\n\n\n<blockquote class=\"wp-block-quote alignfull is-layout-flow wp-block-quote-is-layout-flow\">\n<p class=\"has-geist-mono-font-family has-tiny-font-size\" style=\"font-style:italic;font-weight:400\">fotocredits: Stefan Wahler<\/p>\n<\/blockquote>\n\n\n\n<p><\/p>\n","protected":false},"excerpt":{"rendered":"<p>the afterlife of voids &amp; traces fotocredits: Stefan Wahler<\/p>\n","protected":false},"author":1,"featured_media":0,"parent":0,"menu_order":0,"comment_status":"closed","ping_status":"closed","template":"","meta":{"footnotes":""},"class_list":["post-68","page","type-page","status-publish","hentry"],"_links":{"self":[{"href":"https:\/\/juliastolba.org\/index.php?rest_route=\/wp\/v2\/pages\/68","targetHints":{"allow":["GET"]}}],"collection":[{"href":"https:\/\/juliastolba.org\/index.php?rest_route=\/wp\/v2\/pages"}],"about":[{"href":"https:\/\/juliastolba.org\/index.php?rest_route=\/wp\/v2\/types\/page"}],"author":[{"embeddable":true,"href":"https:\/\/juliastolba.org\/index.php?rest_route=\/wp\/v2\/users\/1"}],"replies":[{"embeddable":true,"href":"https:\/\/juliastolba.org\/index.php?rest_route=%2Fwp%2Fv2%2Fcomments&post=68"}],"version-history":[{"count":15,"href":"https:\/\/juliastolba.org\/index.php?rest_route=\/wp\/v2\/pages\/68\/revisions"}],"predecessor-version":[{"id":179,"href":"https:\/\/juliastolba.org\/index.php?rest_route=\/wp\/v2\/pages\/68\/revisions\/179"}],"wp:attachment":[{"href":"https:\/\/juliastolba.org\/index.php?rest_route=%2Fwp%2Fv2%2Fmedia&parent=68"}],"curies":[{"name":"wp","href":"https:\/\/api.w.org\/{rel}","templated":true}]}}